{"id":6,"date":"2021-05-05T23:07:59","date_gmt":"2021-05-05T21:07:59","guid":{"rendered":"https:\/\/detbareos.dk\/?page_id=6"},"modified":"2023-08-31T11:17:54","modified_gmt":"2023-08-31T09:17:54","slug":"moed-det-bare-os","status":"publish","type":"page","link":"https:\/\/detbareos.dk\/","title":{"rendered":"M\u00f8d Det&#8217; bare Os"},"content":{"rendered":"\n<p>Bag navnet &#8220;Det&#8217; bare Os&#8221; finder du duoen Bjarne og Henrik.<\/p>\n\n\n\n<p>De har spillet sammen i mange \u00e5r, dog i andre bands. <br>Men nu er de blevet til en duo, hvor fokus ligger p\u00e5 at spille blandet popul\u00e6r musik som passer til enhver festlig lejlighed. Og der er garanti for at du kan synge med p\u00e5 de fleste af sangene!<\/p>\n\n\n\n<p>Duoen spiller musik i h\u00f8j kvalitet og det kan altid tilpasses til dit arrangement.<\/p>\n\n\n\n<p><\/p>\n\n\n\n<h3 class=\"wp-block-heading\">Medlemmerne af Det&#8217; bare Os er:<br><\/h3>\n\n\n\n<p><em>Tryk p\u00e5 billederne for at l\u00e6re mere om medlemmerne af duoen<\/em><\/p>\n\n\n\n<div class=\"wp-block-media-text alignwide is-stacked-on-mobile\"><figure class=\"wp-block-media-text__media\"><a href=\"https:\/\/detbareos.dk\/?page_id=65\"><img loading=\"lazy\" decoding=\"async\" width=\"1181\" height=\"1476\" src=\"https:\/\/detbareos.dk\/wp-content\/uploads\/2021\/05\/DBO_Henrik-1.jpg\" alt=\"\" class=\"wp-image-199 size-full\" srcset=\"https:\/\/detbareos.dk\/wp-content\/uploads\/2021\/05\/DBO_Henrik-1.jpg 1181w, https:\/\/detbareos.dk\/wp-content\/uploads\/2021\/05\/DBO_Henrik-1-240x300.jpg 240w, https:\/\/detbareos.dk\/wp-content\/uploads\/2021\/05\/DBO_Henrik-1-819x1024.jpg 819w, https:\/\/detbareos.dk\/wp-content\/uploads\/2021\/05\/DBO_Henrik-1-768x960.jpg 768w, https:\/\/detbareos.dk\/wp-content\/uploads\/2021\/05\/DBO_Henrik-1-528x660.jpg 528w\" sizes=\"auto, (max-width: 1181px) 100vw, 1181px\" \/><\/a><\/figure><div class=\"wp-block-media-text__content\">\n<p class=\"has-text-align-center has-normal-font-size\">Henrik Paarup-Nielsen<br>Trommer og Kor<\/p>\n<\/div><\/div>\n\n\n\n<div class=\"wp-block-media-text alignwide is-stacked-on-mobile is-vertically-aligned-center\"><figure class=\"wp-block-media-text__media\"><a href=\"https:\/\/detbareos.dk\/?page_id=62\"><img loading=\"lazy\" decoding=\"async\" width=\"819\" height=\"1024\" src=\"https:\/\/detbareos.dk\/wp-content\/uploads\/2021\/05\/DBO_Bjarne-819x1024.jpg\" alt=\"\" class=\"wp-image-197 size-full\" srcset=\"https:\/\/detbareos.dk\/wp-content\/uploads\/2021\/05\/DBO_Bjarne-819x1024.jpg 819w, https:\/\/detbareos.dk\/wp-content\/uploads\/2021\/05\/DBO_Bjarne-240x300.jpg 240w, https:\/\/detbareos.dk\/wp-content\/uploads\/2021\/05\/DBO_Bjarne-768x960.jpg 768w, https:\/\/detbareos.dk\/wp-content\/uploads\/2021\/05\/DBO_Bjarne-528x660.jpg 528w, https:\/\/detbareos.dk\/wp-content\/uploads\/2021\/05\/DBO_Bjarne.jpg 1181w\" sizes=\"auto, (max-width: 819px) 100vw, 819px\" \/><\/a><\/figure><div class=\"wp-block-media-text__content\">\n<p class=\"has-text-align-center has-normal-font-size\">Bjarne Toft Hansen<br>Sang og Keyboard<\/p>\n<\/div><\/div>\n\n\n\n<div class=\"wp-block-columns is-layout-flex wp-container-core-columns-is-layout-9d6595d7 wp-block-columns-is-layout-flex\">\n<div class=\"wp-block-column is-layout-flow wp-block-column-is-layout-flow\"><\/div>\n\n\n\n<div class=\"wp-block-column is-layout-flow wp-block-column-is-layout-flow\"><\/div>\n<\/div>\n\n\n\n<div class=\"wp-block-columns is-layout-flex wp-container-core-columns-is-layout-9d6595d7 wp-block-columns-is-layout-flex\">\n<div class=\"wp-block-column is-layout-flow wp-block-column-is-layout-flow\">\n<div class=\"wp-block-columns is-layout-flex wp-container-core-columns-is-layout-9d6595d7 wp-block-columns-is-layout-flex\">\n<div class=\"wp-block-column is-layout-flow wp-block-column-is-layout-flow\"><\/div>\n\n\n\n<div class=\"wp-block-column is-layout-flow wp-block-column-is-layout-flow\"><\/div>\n<\/div>\n<\/div>\n<\/div>\n","protected":false},"excerpt":{"rendered":"<p>Bag navnet &#8220;Det&#8217; bare Os&#8221; finder du duoen Bjarne og Henrik. De har spillet sammen i mange \u00e5r, dog i &hellip; <a href=\"https:\/\/detbareos.dk\/\" class=\"more-link\"><span class=\"more-button\">Continue Reading<span class=\"screen-reader-text\">M\u00f8d Det&#8217; bare Os<\/span><\/span><\/a><\/p>\n","protected":false},"author":1,"featured_media":0,"parent":0,"menu_order":0,"comment_status":"closed","ping_status":"closed","template":"","meta":{"_monsterinsights_skip_tracking":false,"_monsterinsights_sitenote_active":false,"_monsterinsights_sitenote_note":"","_monsterinsights_sitenote_category":0,"footnotes":""},"class_list":["post-6","page","type-page","status-publish","hentry"],"_links":{"self":[{"href":"https:\/\/detbareos.dk\/index.php?rest_route=\/wp\/v2\/pages\/6","targetHints":{"allow":["GET"]}}],"collection":[{"href":"https:\/\/detbareos.dk\/index.php?rest_route=\/wp\/v2\/pages"}],"about":[{"href":"https:\/\/detbareos.dk\/index.php?rest_route=\/wp\/v2\/types\/page"}],"author":[{"embeddable":true,"href":"https:\/\/detbareos.dk\/index.php?rest_route=\/wp\/v2\/users\/1"}],"replies":[{"embeddable":true,"href":"https:\/\/detbareos.dk\/index.php?rest_route=%2Fwp%2Fv2%2Fcomments&post=6"}],"version-history":[{"count":27,"href":"https:\/\/detbareos.dk\/index.php?rest_route=\/wp\/v2\/pages\/6\/revisions"}],"predecessor-version":[{"id":261,"href":"https:\/\/detbareos.dk\/index.php?rest_route=\/wp\/v2\/pages\/6\/revisions\/261"}],"wp:attachment":[{"href":"https:\/\/detbareos.dk\/index.php?rest_route=%2Fwp%2Fv2%2Fmedia&parent=6"}],"curies":[{"name":"wp","href":"https:\/\/api.w.org\/{rel}","templated":true}]}}