{"id":62,"date":"2021-05-07T09:07:16","date_gmt":"2021-05-07T07:07:16","guid":{"rendered":"https:\/\/detbareos.dk\/?page_id=62"},"modified":"2025-07-08T10:16:31","modified_gmt":"2025-07-08T08:16:31","slug":"bjarne-toft-hansen","status":"publish","type":"page","link":"https:\/\/detbareos.dk\/?page_id=62","title":{"rendered":"Bjarne Toft Hansen"},"content":{"rendered":"\n<p>Bjarne Toft Hansen er forsanger og keyboardspiller i duoen &#8220;Det&#8217; bare Os&#8221;.<\/p>\n\n\n\n<p>Med sine 60 \u00e5r, er han alderspr\u00e6sident i duoen. Men det lader han sig ikke m\u00e6rke af. <br>For som han siger: &#8220;Man er kun s\u00e5 gammel som man f\u00f8ler sig&#8221;.<\/p>\n\n\n\n<p>Bjarne bor lidt uden for Assens. Og ud over at spille musik, er hans store interesse ogs\u00e5 at snedkerere m\u00f8bler i egetr\u00e6.<\/p>\n\n\n<div class=\"wp-block-image\">\n<figure class=\"aligncenter size-large is-resized\"><img loading=\"lazy\" decoding=\"async\" width=\"1024\" height=\"1015\" src=\"https:\/\/detbareos.dk\/wp-content\/uploads\/2021\/05\/PSX_20210507_101834-1024x1015.jpg\" alt=\"\" class=\"wp-image-70\" style=\"width:800px;height:undefinedpx\" srcset=\"https:\/\/detbareos.dk\/wp-content\/uploads\/2021\/05\/PSX_20210507_101834-1024x1015.jpg 1024w, https:\/\/detbareos.dk\/wp-content\/uploads\/2021\/05\/PSX_20210507_101834-300x297.jpg 300w, https:\/\/detbareos.dk\/wp-content\/uploads\/2021\/05\/PSX_20210507_101834-150x150.jpg 150w, https:\/\/detbareos.dk\/wp-content\/uploads\/2021\/05\/PSX_20210507_101834-768x761.jpg 768w, https:\/\/detbareos.dk\/wp-content\/uploads\/2021\/05\/PSX_20210507_101834-1536x1523.jpg 1536w, https:\/\/detbareos.dk\/wp-content\/uploads\/2021\/05\/PSX_20210507_101834-2048x2030.jpg 2048w, https:\/\/detbareos.dk\/wp-content\/uploads\/2021\/05\/PSX_20210507_101834-666x660.jpg 666w, https:\/\/detbareos.dk\/wp-content\/uploads\/2021\/05\/PSX_20210507_101834-50x50.jpg 50w\" sizes=\"auto, (max-width: 1024px) 100vw, 1024px\" \/><\/figure><\/div>\n\n\n<h3 class=\"wp-block-heading\">Musikerfaring<\/h3>\n\n\n\n<p>Det&#8217; bare Os er langt fra det f\u00f8rste band han er medlem af: Tidligere har han spillet med i diverse bands der sp\u00e6nder over genrer lige fra dansemusik, til 60&#8217;ermusik, og senest til festmusik.<\/p>\n\n\n\n<p>Bjarne Toft Hansen g\u00e5r meget op i at tingene fungerer og lyder rigtigt. Man er derfor altid sikker p\u00e5 at alt lyder som det skal, og at der er styr p\u00e5 tingene n\u00e5r Bjarne er involveret.<\/p>\n\n\n\n<p>M\u00f8d den anden del af duoen, <a href=\"https:\/\/detbareos.dk\/?page_id=65\" data-type=\"page\" data-id=\"65\">Henrik Paaup-Nielsen lige her<\/a><\/p>\n","protected":false},"excerpt":{"rendered":"<p>Bjarne Toft Hansen er forsanger og keyboardspiller i duoen &#8220;Det&#8217; bare Os&#8221;. Med sine 60 \u00e5r, er han alderspr\u00e6sident i &hellip; <a href=\"https:\/\/detbareos.dk\/?page_id=62\" class=\"more-link\"><span class=\"more-button\">Continue Reading<span class=\"screen-reader-text\">Bjarne Toft Hansen<\/span><\/span><\/a><\/p>\n","protected":false},"author":1,"featured_media":0,"parent":0,"menu_order":0,"comment_status":"closed","ping_status":"closed","template":"","meta":{"_monsterinsights_skip_tracking":false,"_monsterinsights_sitenote_active":false,"_monsterinsights_sitenote_note":"","_monsterinsights_sitenote_category":0,"footnotes":""},"class_list":["post-62","page","type-page","status-publish","hentry"],"_links":{"self":[{"href":"https:\/\/detbareos.dk\/index.php?rest_route=\/wp\/v2\/pages\/62","targetHints":{"allow":["GET"]}}],"collection":[{"href":"https:\/\/detbareos.dk\/index.php?rest_route=\/wp\/v2\/pages"}],"about":[{"href":"https:\/\/detbareos.dk\/index.php?rest_route=\/wp\/v2\/types\/page"}],"author":[{"embeddable":true,"href":"https:\/\/detbareos.dk\/index.php?rest_route=\/wp\/v2\/users\/1"}],"replies":[{"embeddable":true,"href":"https:\/\/detbareos.dk\/index.php?rest_route=%2Fwp%2Fv2%2Fcomments&post=62"}],"version-history":[{"count":7,"href":"https:\/\/detbareos.dk\/index.php?rest_route=\/wp\/v2\/pages\/62\/revisions"}],"predecessor-version":[{"id":269,"href":"https:\/\/detbareos.dk\/index.php?rest_route=\/wp\/v2\/pages\/62\/revisions\/269"}],"wp:attachment":[{"href":"https:\/\/detbareos.dk\/index.php?rest_route=%2Fwp%2Fv2%2Fmedia&parent=62"}],"curies":[{"name":"wp","href":"https:\/\/api.w.org\/{rel}","templated":true}]}}